{"id":1275,"date":"2025-11-03T18:53:45","date_gmt":"2025-11-03T18:53:45","guid":{"rendered":"https:\/\/archipielagoconsultora.com.ar\/?page_id=1275"},"modified":"2026-02-06T13:24:28","modified_gmt":"2026-02-06T13:24:28","slug":"recorridos-agra","status":"publish","type":"page","link":"https:\/\/archipielagoconsultora.com.ar\/?page_id=1275","title":{"rendered":"Recorridos &#8211; AGRA"},"content":{"rendered":"\t\t<div data-elementor-type=\"wp-page\" data-elementor-id=\"1275\" class=\"elementor elementor-1275\">\n\t\t\t\t<div class=\"elementor-element elementor-element-d9dc01e e-flex e-con-boxed e-con e-parent\" data-id=\"d9dc01e\" data-element_type=\"container\" data-settings=\"{&quot;background_background&quot;:&quot;classic&quot;}\">\n\t\t\t\t\t<div class=\"e-con-inner\">\n\t\t<div class=\"elementor-element elementor-element-ef89d3b e-con-full e-flex e-con e-child\" data-id=\"ef89d3b\" data-element_type=\"container\">\n\t\t\t\t<\/div>\n\t\t<div class=\"elementor-element elementor-element-7d0a3c9 e-con-full e-flex e-con e-child\" data-id=\"7d0a3c9\" data-element_type=\"container\">\n\t\t\t\t<div class=\"elementor-element elementor-element-78cf39d elementor-widget elementor-widget-text-editor\" data-id=\"78cf39d\" data-element_type=\"widget\" data-widget_type=\"text-editor.default\">\n\t\t\t\t\t\t\t\t\t<h4><span style=\"font-weight: 400; color: #e6e6e6;\">En la Fototeca de ARGRA, el aporte de la conservaci\u00f3n preventiva fue fundamental para que numerosos archivos pudieran ser digitalizados y, hoy, consultados y usados, como por ejemplo el Archivo de la Revista XXI.\u00a0<\/span><\/h4>\t\t\t\t\t\t\t\t<\/div>\n\t\t\t\t<div class=\"elementor-element elementor-element-8f862fc elementor-widget elementor-widget-heading\" data-id=\"8f862fc\" data-element_type=\"widget\" data-widget_type=\"heading.default\">\n\t\t\t\t\t<h2 class=\"elementor-heading-title elementor-size-default\">ARGRA<\/h2>\t\t\t\t<\/div>\n\t\t\t\t<\/div>\n\t\t\t\t\t<\/div>\n\t\t\t\t<\/div>\n\t\t<div class=\"elementor-element elementor-element-c82bb4d e-flex e-con-boxed e-con e-parent\" data-id=\"c82bb4d\" data-element_type=\"container\">\n\t\t\t\t\t<div class=\"e-con-inner\">\n\t\t\t\t<div class=\"elementor-element elementor-element-c043a47 elementor-widget elementor-widget-spacer\" data-id=\"c043a47\" data-element_type=\"widget\" data-widget_type=\"spacer.default\">\n\t\t\t\t\t\t\t<div class=\"elementor-spacer\">\n\t\t\t<div class=\"elementor-spacer-inner\"><\/div>\n\t\t<\/div>\n\t\t\t\t\t\t<\/div>\n\t\t\t\t\t<\/div>\n\t\t\t\t<\/div>\n\t\t<div class=\"elementor-element elementor-element-9574851 e-flex e-con-boxed e-con e-parent\" data-id=\"9574851\" data-element_type=\"container\">\n\t\t\t\t\t<div class=\"e-con-inner\">\n\t\t<div class=\"elementor-element elementor-element-2cda4dc e-con-full e-flex e-con e-child\" data-id=\"2cda4dc\" data-element_type=\"container\">\n\t\t\t\t<div class=\"elementor-element elementor-element-0e0d552 elementor-pagination-position-outside elementor-widget elementor-widget-image-carousel\" data-id=\"0e0d552\" data-element_type=\"widget\" data-settings=\"{&quot;slides_to_show&quot;:&quot;1&quot;,&quot;navigation&quot;:&quot;dots&quot;,&quot;autoplay&quot;:&quot;yes&quot;,&quot;pause_on_hover&quot;:&quot;yes&quot;,&quot;pause_on_interaction&quot;:&quot;yes&quot;,&quot;autoplay_speed&quot;:5000,&quot;infinite&quot;:&quot;yes&quot;,&quot;effect&quot;:&quot;slide&quot;,&quot;speed&quot;:500}\" data-widget_type=\"image-carousel.default\">\n\t\t\t\t\t\t\t<div class=\"elementor-image-carousel-wrapper swiper\" role=\"region\" aria-roledescription=\"carousel\" aria-label=\"Carrusel de im\u00e1genes\" dir=\"ltr\">\n\t\t\t<div class=\"elementor-image-carousel swiper-wrapper\" aria-live=\"off\">\n\t\t\t\t\t\t\t\t<div class=\"swiper-slide\" role=\"group\" aria-roledescription=\"slide\" aria-label=\"1 of 4\"><figure class=\"swiper-slide-inner\"><img decoding=\"async\" class=\"swiper-slide-image\" src=\"https:\/\/archipielagoconsultora.com.ar\/wp-content\/uploads\/2025\/12\/AGRA2-1024x576.jpg\" alt=\"AGRA2\" \/><\/figure><\/div><div class=\"swiper-slide\" role=\"group\" aria-roledescription=\"slide\" aria-label=\"2 of 4\"><figure class=\"swiper-slide-inner\"><img decoding=\"async\" class=\"swiper-slide-image\" src=\"https:\/\/archipielagoconsultora.com.ar\/wp-content\/uploads\/2025\/12\/AGRA3-1024x576.jpg\" alt=\"AGRA3\" \/><\/figure><\/div><div class=\"swiper-slide\" role=\"group\" aria-roledescription=\"slide\" aria-label=\"3 of 4\"><figure class=\"swiper-slide-inner\"><img decoding=\"async\" class=\"swiper-slide-image\" src=\"https:\/\/archipielagoconsultora.com.ar\/wp-content\/uploads\/2025\/12\/AGRA4-1024x576.jpg\" alt=\"AGRA4\" \/><\/figure><\/div><div class=\"swiper-slide\" role=\"group\" aria-roledescription=\"slide\" aria-label=\"4 of 4\"><figure class=\"swiper-slide-inner\"><img decoding=\"async\" class=\"swiper-slide-image\" src=\"https:\/\/archipielagoconsultora.com.ar\/wp-content\/uploads\/2025\/12\/AGRA5-1024x576.jpg\" alt=\"AGRA5\" \/><\/figure><\/div>\t\t\t<\/div>\n\t\t\t\t\t\t\t\n\t\t\t\t\t\t\t\t\t<div class=\"swiper-pagination\"><\/div>\n\t\t\t\t\t\t\t\t\t<\/div>\n\t\t\t\t\t\t<\/div>\n\t\t\t\t<\/div>\n\t\t<div class=\"elementor-element elementor-element-25fd12b e-con-full e-flex e-con e-child\" data-id=\"25fd12b\" data-element_type=\"container\">\n\t\t\t\t<div class=\"elementor-element elementor-element-946c61c elementor-widget elementor-widget-text-editor\" data-id=\"946c61c\" data-element_type=\"widget\" data-widget_type=\"text-editor.default\">\n\t\t\t\t\t\t\t\t\t<p><span style=\"font-weight: 400;\">Adem\u00e1s, las tareas de rescate de archivos recuperaron fotograf\u00edas originales de un enorme valor para la historia cultural de nuestro pa\u00eds. En la organizaci\u00f3n de la Fototeca, por su parte, la perspectiva archiv\u00edstica para identificar, clasificar y describir a las fotograf\u00edas permiti\u00f3 recuperar informaci\u00f3n m\u00e1s all\u00e1 de la imagen y disponibilizar su contexto de producci\u00f3n. Estas acciones permitieron a la Fototeca de ARGRA realizar publicaciones para difundir su labor.<\/span><\/p>\t\t\t\t\t\t\t\t<\/div>\n\t\t\t\t<\/div>\n\t\t\t\t\t<\/div>\n\t\t\t\t<\/div>\n\t\t<div class=\"elementor-element elementor-element-920d9aa e-flex e-con-boxed e-con e-parent\" data-id=\"920d9aa\" data-element_type=\"container\">\n\t\t\t\t\t<div class=\"e-con-inner\">\n\t\t\t\t<div class=\"elementor-element elementor-element-9b7dcee elementor-widget elementor-widget-spacer\" data-id=\"9b7dcee\" data-element_type=\"widget\" data-widget_type=\"spacer.default\">\n\t\t\t\t\t\t\t<div class=\"elementor-spacer\">\n\t\t\t<div class=\"elementor-spacer-inner\"><\/div>\n\t\t<\/div>\n\t\t\t\t\t\t<\/div>\n\t\t\t\t\t<\/div>\n\t\t\t\t<\/div>\n\t\t\t\t<\/div>\n\t\t","protected":false},"excerpt":{"rendered":"<p>En la Fototeca de ARGRA, el aporte de la conservaci\u00f3n preventiva fue fundamental para que numerosos archivos pudieran ser digitalizados y, hoy, consultados y usados, como por ejemplo el Archivo de la Revista XXI.\u00a0 ARGRA Adem\u00e1s, las tareas de rescate de archivos recuperaron fotograf\u00edas originales de un enorme valor para la historia cultural de nuestro [&hellip;]<\/p>\n","protected":false},"author":1,"featured_media":0,"parent":0,"menu_order":0,"comment_status":"closed","ping_status":"closed","template":"page-templates\/pagebuilder.php","meta":{"zakra_sidebar_layout":"stretched","zakra_remove_content_margin":true,"zakra_sidebar":"customizer","zakra_transparent_header":"customizer","zakra_logo":0,"zakra_main_header_style":"default","zakra_menu_item_color":"","zakra_menu_item_hover_color":"#000000","zakra_menu_item_active_color":"#23ab70","zakra_menu_active_style":"","zakra_page_header":true,"footnotes":""},"class_list":["post-1275","page","type-page","status-publish","hentry"],"_links":{"self":[{"href":"https:\/\/archipielagoconsultora.com.ar\/index.php?rest_route=\/wp\/v2\/pages\/1275","targetHints":{"allow":["GET"]}}],"collection":[{"href":"https:\/\/archipielagoconsultora.com.ar\/index.php?rest_route=\/wp\/v2\/pages"}],"about":[{"href":"https:\/\/archipielagoconsultora.com.ar\/index.php?rest_route=\/wp\/v2\/types\/page"}],"author":[{"embeddable":true,"href":"https:\/\/archipielagoconsultora.com.ar\/index.php?rest_route=\/wp\/v2\/users\/1"}],"replies":[{"embeddable":true,"href":"https:\/\/archipielagoconsultora.com.ar\/index.php?rest_route=%2Fwp%2Fv2%2Fcomments&post=1275"}],"version-history":[{"count":19,"href":"https:\/\/archipielagoconsultora.com.ar\/index.php?rest_route=\/wp\/v2\/pages\/1275\/revisions"}],"predecessor-version":[{"id":2094,"href":"https:\/\/archipielagoconsultora.com.ar\/index.php?rest_route=\/wp\/v2\/pages\/1275\/revisions\/2094"}],"wp:attachment":[{"href":"https:\/\/archipielagoconsultora.com.ar\/index.php?rest_route=%2Fwp%2Fv2%2Fmedia&parent=1275"}],"curies":[{"name":"wp","href":"https:\/\/api.w.org\/{rel}","templated":true}]}}