{"id":1270,"date":"2025-11-03T18:52:47","date_gmt":"2025-11-03T18:52:47","guid":{"rendered":"https:\/\/archipielagoconsultora.com.ar\/?page_id=1270"},"modified":"2025-12-29T15:02:30","modified_gmt":"2025-12-29T15:02:30","slug":"recorridos-anm","status":"publish","type":"page","link":"https:\/\/archipielagoconsultora.com.ar\/?page_id=1270","title":{"rendered":"Recorridos &#8211; ANM"},"content":{"rendered":"\t\t<div data-elementor-type=\"wp-page\" data-elementor-id=\"1270\" class=\"elementor elementor-1270\">\n\t\t\t\t<div class=\"elementor-element elementor-element-515fbe3 e-flex e-con-boxed e-con e-parent\" data-id=\"515fbe3\" data-element_type=\"container\" data-settings=\"{&quot;background_background&quot;:&quot;classic&quot;}\">\n\t\t\t\t\t<div class=\"e-con-inner\">\n\t\t<div class=\"elementor-element elementor-element-54e1606 e-con-full e-flex e-con e-child\" data-id=\"54e1606\" data-element_type=\"container\">\n\t\t\t\t<\/div>\n\t\t<div class=\"elementor-element elementor-element-6594f63 e-con-full e-flex e-con e-child\" data-id=\"6594f63\" data-element_type=\"container\">\n\t\t\t\t<div class=\"elementor-element elementor-element-78cf39d elementor-widget elementor-widget-text-editor\" data-id=\"78cf39d\" data-element_type=\"widget\" data-widget_type=\"text-editor.default\">\n\t\t\t\t\t\t\t\t\t<h4><span style=\"font-weight: 400; color: #e6e6e6;\">En el Archivo Nacional de la Memoria, se llev\u00f3 adelante un Proyecto de Normalizaci\u00f3n Archiv\u00edstica que cambi\u00f3 sustancialmente las formas de gestionar internamente los documentos custodiados como las condiciones para su accesibilidad<\/span><\/h4>\t\t\t\t\t\t\t\t<\/div>\n\t\t\t\t<div class=\"elementor-element elementor-element-8f862fc elementor-widget elementor-widget-heading\" data-id=\"8f862fc\" data-element_type=\"widget\" data-widget_type=\"heading.default\">\n\t\t\t\t\t<h2 class=\"elementor-heading-title elementor-size-default\">Archivo Nacional de la Memoria\n<\/h2>\t\t\t\t<\/div>\n\t\t\t\t<\/div>\n\t\t\t\t\t<\/div>\n\t\t\t\t<\/div>\n\t\t<div class=\"elementor-element elementor-element-7f3fa54 e-flex e-con-boxed e-con e-parent\" data-id=\"7f3fa54\" data-element_type=\"container\">\n\t\t\t\t\t<div class=\"e-con-inner\">\n\t\t\t\t<div class=\"elementor-element elementor-element-ae90e6c elementor-widget elementor-widget-spacer\" data-id=\"ae90e6c\" data-element_type=\"widget\" data-widget_type=\"spacer.default\">\n\t\t\t\t\t\t\t<div class=\"elementor-spacer\">\n\t\t\t<div class=\"elementor-spacer-inner\"><\/div>\n\t\t<\/div>\n\t\t\t\t\t\t<\/div>\n\t\t\t\t\t<\/div>\n\t\t\t\t<\/div>\n\t\t<div class=\"elementor-element elementor-element-15fadd7 e-flex e-con-boxed e-con e-parent\" data-id=\"15fadd7\" data-element_type=\"container\">\n\t\t\t\t\t<div class=\"e-con-inner\">\n\t\t<div class=\"elementor-element elementor-element-8dc94c8 e-con-full e-flex e-con e-child\" data-id=\"8dc94c8\" data-element_type=\"container\">\n\t\t\t\t<div class=\"elementor-element elementor-element-b99b9f6 elementor-pagination-position-outside elementor-widget elementor-widget-image-carousel\" data-id=\"b99b9f6\" data-element_type=\"widget\" data-settings=\"{&quot;slides_to_show&quot;:&quot;1&quot;,&quot;navigation&quot;:&quot;dots&quot;,&quot;autoplay&quot;:&quot;yes&quot;,&quot;pause_on_hover&quot;:&quot;yes&quot;,&quot;pause_on_interaction&quot;:&quot;yes&quot;,&quot;autoplay_speed&quot;:5000,&quot;infinite&quot;:&quot;yes&quot;,&quot;effect&quot;:&quot;slide&quot;,&quot;speed&quot;:500}\" data-widget_type=\"image-carousel.default\">\n\t\t\t\t\t\t\t<div class=\"elementor-image-carousel-wrapper swiper\" role=\"region\" aria-roledescription=\"carousel\" aria-label=\"Carrusel de im\u00e1genes\" dir=\"ltr\">\n\t\t\t<div class=\"elementor-image-carousel swiper-wrapper\" aria-live=\"off\">\n\t\t\t\t\t\t\t\t<div class=\"swiper-slide\" role=\"group\" aria-roledescription=\"slide\" aria-label=\"1 of 4\"><figure class=\"swiper-slide-inner\"><img decoding=\"async\" class=\"swiper-slide-image\" src=\"https:\/\/archipielagoconsultora.com.ar\/wp-content\/uploads\/2025\/12\/Archivo2-1024x576.jpg\" alt=\"Archivo2\" \/><\/figure><\/div><div class=\"swiper-slide\" role=\"group\" aria-roledescription=\"slide\" aria-label=\"2 of 4\"><figure class=\"swiper-slide-inner\"><img decoding=\"async\" class=\"swiper-slide-image\" src=\"https:\/\/archipielagoconsultora.com.ar\/wp-content\/uploads\/2025\/12\/Archivo3-1024x576.jpg\" alt=\"Archivo3\" \/><\/figure><\/div><div class=\"swiper-slide\" role=\"group\" aria-roledescription=\"slide\" aria-label=\"3 of 4\"><figure class=\"swiper-slide-inner\"><img decoding=\"async\" class=\"swiper-slide-image\" src=\"https:\/\/archipielagoconsultora.com.ar\/wp-content\/uploads\/2025\/12\/Archivo4-1024x576.jpg\" alt=\"Archivo4\" \/><\/figure><\/div><div class=\"swiper-slide\" role=\"group\" aria-roledescription=\"slide\" aria-label=\"4 of 4\"><figure class=\"swiper-slide-inner\"><img decoding=\"async\" class=\"swiper-slide-image\" src=\"https:\/\/archipielagoconsultora.com.ar\/wp-content\/uploads\/2025\/12\/Archivo5-1024x576.jpg\" alt=\"Archivo5\" \/><\/figure><\/div>\t\t\t<\/div>\n\t\t\t\t\t\t\t\n\t\t\t\t\t\t\t\t\t<div class=\"swiper-pagination\"><\/div>\n\t\t\t\t\t\t\t\t\t<\/div>\n\t\t\t\t\t\t<\/div>\n\t\t\t\t<\/div>\n\t\t<div class=\"elementor-element elementor-element-90b126e e-con-full e-flex e-con e-child\" data-id=\"90b126e\" data-element_type=\"container\">\n\t\t\t\t<div class=\"elementor-element elementor-element-9a6a14c elementor-widget elementor-widget-text-editor\" data-id=\"9a6a14c\" data-element_type=\"widget\" data-widget_type=\"text-editor.default\">\n\t\t\t\t\t\t\t\t\t<p><span style=\"font-weight: 400;\">A partir de la aplicaci\u00f3n de los principios de la Archiv\u00edstica, se procedi\u00f3 a la identificaci\u00f3n de los fondos y colecciones, y se avanz\u00f3 en la regulaci\u00f3n y protocolizaci\u00f3n de cada uno de los procesos de trabajo involucrados en la gesti\u00f3n del Archivo. Se avanz\u00f3 tambi\u00e9n, progresivamente, en las descripciones de los distintos agrupamientos documentales, las cuales se pusieron a disposici\u00f3n del p\u00fablico en el software online AtoM, carg\u00e1ndose, adem\u00e1s, gran cantidad de documentos.\u00a0<br \/><\/span><strong>Gracias a este proyecto, se mejoraron las herramientas de consulta ofrecidas a los diferentes usuarios y se lograron grandes avances en la democratizaci\u00f3n del acceso a la informaci\u00f3n.<\/strong><\/p>\t\t\t\t\t\t\t\t<\/div>\n\t\t\t\t<\/div>\n\t\t\t\t\t<\/div>\n\t\t\t\t<\/div>\n\t\t<div class=\"elementor-element elementor-element-caa5215 e-flex e-con-boxed e-con e-parent\" data-id=\"caa5215\" data-element_type=\"container\">\n\t\t\t\t\t<div class=\"e-con-inner\">\n\t\t\t\t<div class=\"elementor-element elementor-element-04f6f8f elementor-widget elementor-widget-spacer\" data-id=\"04f6f8f\" data-element_type=\"widget\" data-widget_type=\"spacer.default\">\n\t\t\t\t\t\t\t<div class=\"elementor-spacer\">\n\t\t\t<div class=\"elementor-spacer-inner\"><\/div>\n\t\t<\/div>\n\t\t\t\t\t\t<\/div>\n\t\t\t\t\t<\/div>\n\t\t\t\t<\/div>\n\t\t\t\t<\/div>\n\t\t","protected":false},"excerpt":{"rendered":"<p>En el Archivo Nacional de la Memoria, se llev\u00f3 adelante un Proyecto de Normalizaci\u00f3n Archiv\u00edstica que cambi\u00f3 sustancialmente las formas de gestionar internamente los documentos custodiados como las condiciones para su accesibilidad Archivo Nacional de la Memoria A partir de la aplicaci\u00f3n de los principios de la Archiv\u00edstica, se procedi\u00f3 a la identificaci\u00f3n de los [&hellip;]<\/p>\n","protected":false},"author":1,"featured_media":0,"parent":0,"menu_order":0,"comment_status":"closed","ping_status":"closed","template":"page-templates\/pagebuilder.php","meta":{"zakra_sidebar_layout":"stretched","zakra_remove_content_margin":true,"zakra_sidebar":"customizer","zakra_transparent_header":"customizer","zakra_logo":0,"zakra_main_header_style":"default","zakra_menu_item_color":"","zakra_menu_item_hover_color":"#000000","zakra_menu_item_active_color":"#23ab70","zakra_menu_active_style":"","zakra_page_header":true,"footnotes":""},"class_list":["post-1270","page","type-page","status-publish","hentry"],"_links":{"self":[{"href":"https:\/\/archipielagoconsultora.com.ar\/index.php?rest_route=\/wp\/v2\/pages\/1270","targetHints":{"allow":["GET"]}}],"collection":[{"href":"https:\/\/archipielagoconsultora.com.ar\/index.php?rest_route=\/wp\/v2\/pages"}],"about":[{"href":"https:\/\/archipielagoconsultora.com.ar\/index.php?rest_route=\/wp\/v2\/types\/page"}],"author":[{"embeddable":true,"href":"https:\/\/archipielagoconsultora.com.ar\/index.php?rest_route=\/wp\/v2\/users\/1"}],"replies":[{"embeddable":true,"href":"https:\/\/archipielagoconsultora.com.ar\/index.php?rest_route=%2Fwp%2Fv2%2Fcomments&post=1270"}],"version-history":[{"count":52,"href":"https:\/\/archipielagoconsultora.com.ar\/index.php?rest_route=\/wp\/v2\/pages\/1270\/revisions"}],"predecessor-version":[{"id":2026,"href":"https:\/\/archipielagoconsultora.com.ar\/index.php?rest_route=\/wp\/v2\/pages\/1270\/revisions\/2026"}],"wp:attachment":[{"href":"https:\/\/archipielagoconsultora.com.ar\/index.php?rest_route=%2Fwp%2Fv2%2Fmedia&parent=1270"}],"curies":[{"name":"wp","href":"https:\/\/api.w.org\/{rel}","templated":true}]}}