{"id":1263,"date":"2025-11-03T18:49:09","date_gmt":"2025-11-03T18:49:09","guid":{"rendered":"https:\/\/archipielagoconsultora.com.ar\/?page_id=1263"},"modified":"2025-12-29T15:03:41","modified_gmt":"2025-12-29T15:03:41","slug":"recorridos-caref","status":"publish","type":"page","link":"https:\/\/archipielagoconsultora.com.ar\/?page_id=1263","title":{"rendered":"Recorridos &#8211; CAREF"},"content":{"rendered":"\t\t<div data-elementor-type=\"wp-page\" data-elementor-id=\"1263\" class=\"elementor elementor-1263\">\n\t\t\t\t<div class=\"elementor-element elementor-element-d9dc01e e-flex e-con-boxed e-con e-parent\" data-id=\"d9dc01e\" data-element_type=\"container\" data-settings=\"{&quot;background_background&quot;:&quot;classic&quot;}\">\n\t\t\t\t\t<div class=\"e-con-inner\">\n\t\t<div class=\"elementor-element elementor-element-ef89d3b e-con-full e-flex e-con e-child\" data-id=\"ef89d3b\" data-element_type=\"container\">\n\t\t\t\t<\/div>\n\t\t<div class=\"elementor-element elementor-element-7d0a3c9 e-con-full e-flex e-con e-child\" data-id=\"7d0a3c9\" data-element_type=\"container\">\n\t\t\t\t<div class=\"elementor-element elementor-element-78cf39d elementor-widget elementor-widget-text-editor\" data-id=\"78cf39d\" data-element_type=\"widget\" data-widget_type=\"text-editor.default\">\n\t\t\t\t\t\t\t\t\t<h4><span style=\"font-weight: 400; color: #e6e6e6;\">En CAREF, organizar el Archivo, preservarlo y comenzar con la digitalizaci\u00f3n fue una decisi\u00f3n institucional de enorme valor para la reconstrucci\u00f3n de la memoria de la organizaci\u00f3n<\/span><\/h4>\t\t\t\t\t\t\t\t<\/div>\n\t\t\t\t<div class=\"elementor-element elementor-element-8f862fc elementor-widget elementor-widget-heading\" data-id=\"8f862fc\" data-element_type=\"widget\" data-widget_type=\"heading.default\">\n\t\t\t\t\t<h2 class=\"elementor-heading-title elementor-size-default\">CAREF\n<\/h2>\t\t\t\t<\/div>\n\t\t\t\t<\/div>\n\t\t\t\t\t<\/div>\n\t\t\t\t<\/div>\n\t\t<div class=\"elementor-element elementor-element-0500c41 e-flex e-con-boxed e-con e-parent\" data-id=\"0500c41\" data-element_type=\"container\">\n\t\t\t\t\t<div class=\"e-con-inner\">\n\t\t\t\t<div class=\"elementor-element elementor-element-85a9e7d elementor-widget elementor-widget-spacer\" data-id=\"85a9e7d\" data-element_type=\"widget\" data-widget_type=\"spacer.default\">\n\t\t\t\t\t\t\t<div class=\"elementor-spacer\">\n\t\t\t<div class=\"elementor-spacer-inner\"><\/div>\n\t\t<\/div>\n\t\t\t\t\t\t<\/div>\n\t\t\t\t\t<\/div>\n\t\t\t\t<\/div>\n\t\t<div class=\"elementor-element elementor-element-64c18ed e-flex e-con-boxed e-con e-parent\" data-id=\"64c18ed\" data-element_type=\"container\">\n\t\t\t\t\t<div class=\"e-con-inner\">\n\t\t<div class=\"elementor-element elementor-element-c5ad348 e-con-full e-flex e-con e-child\" data-id=\"c5ad348\" data-element_type=\"container\">\n\t\t\t\t<div class=\"elementor-element elementor-element-c511063 elementor-pagination-position-outside elementor-widget elementor-widget-image-carousel\" data-id=\"c511063\" data-element_type=\"widget\" data-settings=\"{&quot;slides_to_show&quot;:&quot;1&quot;,&quot;navigation&quot;:&quot;dots&quot;,&quot;autoplay&quot;:&quot;yes&quot;,&quot;pause_on_hover&quot;:&quot;yes&quot;,&quot;pause_on_interaction&quot;:&quot;yes&quot;,&quot;autoplay_speed&quot;:5000,&quot;infinite&quot;:&quot;yes&quot;,&quot;effect&quot;:&quot;slide&quot;,&quot;speed&quot;:500}\" data-widget_type=\"image-carousel.default\">\n\t\t\t\t\t\t\t<div class=\"elementor-image-carousel-wrapper swiper\" role=\"region\" aria-roledescription=\"carousel\" aria-label=\"Carrusel de im\u00e1genes\" dir=\"ltr\">\n\t\t\t<div class=\"elementor-image-carousel swiper-wrapper\" aria-live=\"off\">\n\t\t\t\t\t\t\t\t<div class=\"swiper-slide\" role=\"group\" aria-roledescription=\"slide\" aria-label=\"1 of 2\"><figure class=\"swiper-slide-inner\"><img decoding=\"async\" class=\"swiper-slide-image\" src=\"https:\/\/archipielagoconsultora.com.ar\/wp-content\/uploads\/2025\/12\/Caref2-1024x576.jpg\" alt=\"Caref2\" \/><\/figure><\/div><div class=\"swiper-slide\" role=\"group\" aria-roledescription=\"slide\" aria-label=\"2 of 2\"><figure class=\"swiper-slide-inner\"><img decoding=\"async\" class=\"swiper-slide-image\" src=\"https:\/\/archipielagoconsultora.com.ar\/wp-content\/uploads\/2025\/12\/Caref3-1024x576.jpg\" alt=\"Caref3\" \/><\/figure><\/div>\t\t\t<\/div>\n\t\t\t\t\t\t\t\n\t\t\t\t\t\t\t\t\t<div class=\"swiper-pagination\"><\/div>\n\t\t\t\t\t\t\t\t\t<\/div>\n\t\t\t\t\t\t<\/div>\n\t\t\t\t<\/div>\n\t\t<div class=\"elementor-element elementor-element-460ba3f e-con-full e-flex e-con e-child\" data-id=\"460ba3f\" data-element_type=\"container\">\n\t\t\t\t<div class=\"elementor-element elementor-element-772adc9 elementor-widget elementor-widget-text-editor\" data-id=\"772adc9\" data-element_type=\"widget\" data-widget_type=\"text-editor.default\">\n\t\t\t\t\t\t\t\t\t<p><span style=\"font-weight: 400;\">Permiti\u00f3 acompa\u00f1ar, con fuentes escritas y fotograf\u00edas, los relatos de quienes fueron las y los protagonistas de su historia y permiti\u00f3 elaborar, en el marco del 50 aniversario de la instituci\u00f3n, una multiplicidad de contenidos gr\u00e1ficos y audiovisuales para celebrar y difundir medio siglo de trabajo sostenido en la asistencia, protecci\u00f3n y promoci\u00f3n de derechos de las personas migrantes y refugiadas. <br \/><br \/>A su vez, las tareas archiv\u00edsticas y de conservaci\u00f3n realizadas, especialmente sobre los expedientes hist\u00f3ricos, posibilitaron que el Archivo de CAREF pueda generar un aporte a la memoria colectiva y\u00a0 cumplir efectivamente su rol de promotor de derechos, tanto de las personas atendidas por la instituci\u00f3n como de sus familiares.<\/span><\/p>\t\t\t\t\t\t\t\t<\/div>\n\t\t\t\t<\/div>\n\t\t\t\t\t<\/div>\n\t\t\t\t<\/div>\n\t\t<div class=\"elementor-element elementor-element-6b28af1 e-flex e-con-boxed e-con e-parent\" data-id=\"6b28af1\" data-element_type=\"container\">\n\t\t\t\t\t<div class=\"e-con-inner\">\n\t\t\t\t<div class=\"elementor-element elementor-element-3672521 elementor-widget elementor-widget-spacer\" data-id=\"3672521\" data-element_type=\"widget\" data-widget_type=\"spacer.default\">\n\t\t\t\t\t\t\t<div class=\"elementor-spacer\">\n\t\t\t<div class=\"elementor-spacer-inner\"><\/div>\n\t\t<\/div>\n\t\t\t\t\t\t<\/div>\n\t\t\t\t\t<\/div>\n\t\t\t\t<\/div>\n\t\t\t\t<\/div>\n\t\t","protected":false},"excerpt":{"rendered":"<p>En CAREF, organizar el Archivo, preservarlo y comenzar con la digitalizaci\u00f3n fue una decisi\u00f3n institucional de enorme valor para la reconstrucci\u00f3n de la memoria de la organizaci\u00f3n CAREF Permiti\u00f3 acompa\u00f1ar, con fuentes escritas y fotograf\u00edas, los relatos de quienes fueron las y los protagonistas de su historia y permiti\u00f3 elaborar, en el marco del 50 [&hellip;]<\/p>\n","protected":false},"author":1,"featured_media":0,"parent":0,"menu_order":0,"comment_status":"closed","ping_status":"closed","template":"page-templates\/pagebuilder.php","meta":{"zakra_sidebar_layout":"stretched","zakra_remove_content_margin":true,"zakra_sidebar":"customizer","zakra_transparent_header":"customizer","zakra_logo":0,"zakra_main_header_style":"default","zakra_menu_item_color":"","zakra_menu_item_hover_color":"#000000","zakra_menu_item_active_color":"#23ab70","zakra_menu_active_style":"","zakra_page_header":true,"footnotes":""},"class_list":["post-1263","page","type-page","status-publish","hentry"],"_links":{"self":[{"href":"https:\/\/archipielagoconsultora.com.ar\/index.php?rest_route=\/wp\/v2\/pages\/1263","targetHints":{"allow":["GET"]}}],"collection":[{"href":"https:\/\/archipielagoconsultora.com.ar\/index.php?rest_route=\/wp\/v2\/pages"}],"about":[{"href":"https:\/\/archipielagoconsultora.com.ar\/index.php?rest_route=\/wp\/v2\/types\/page"}],"author":[{"embeddable":true,"href":"https:\/\/archipielagoconsultora.com.ar\/index.php?rest_route=\/wp\/v2\/users\/1"}],"replies":[{"embeddable":true,"href":"https:\/\/archipielagoconsultora.com.ar\/index.php?rest_route=%2Fwp%2Fv2%2Fcomments&post=1263"}],"version-history":[{"count":16,"href":"https:\/\/archipielagoconsultora.com.ar\/index.php?rest_route=\/wp\/v2\/pages\/1263\/revisions"}],"predecessor-version":[{"id":2029,"href":"https:\/\/archipielagoconsultora.com.ar\/index.php?rest_route=\/wp\/v2\/pages\/1263\/revisions\/2029"}],"wp:attachment":[{"href":"https:\/\/archipielagoconsultora.com.ar\/index.php?rest_route=%2Fwp%2Fv2%2Fmedia&parent=1263"}],"curies":[{"name":"wp","href":"https:\/\/api.w.org\/{rel}","templated":true}]}}