{"id":1173,"date":"2025-10-28T16:16:02","date_gmt":"2025-10-28T16:16:02","guid":{"rendered":"https:\/\/archipielagoconsultora.com.ar\/?page_id=1173"},"modified":"2026-02-06T14:37:32","modified_gmt":"2026-02-06T14:37:32","slug":"recorridos","status":"publish","type":"page","link":"https:\/\/archipielagoconsultora.com.ar\/?page_id=1173","title":{"rendered":"Recorridos"},"content":{"rendered":"\t\t<div data-elementor-type=\"wp-page\" data-elementor-id=\"1173\" class=\"elementor elementor-1173\">\n\t\t\t\t<div class=\"elementor-element elementor-element-a308ef3 e-flex e-con-boxed e-con e-parent\" data-id=\"a308ef3\" data-element_type=\"container\" data-settings=\"{&quot;background_background&quot;:&quot;classic&quot;}\">\n\t\t\t\t\t<div class=\"e-con-inner\">\n\t\t<div class=\"elementor-element elementor-element-de14348 e-con-full e-flex e-con e-child\" data-id=\"de14348\" data-element_type=\"container\">\n\t\t\t\t<div class=\"elementor-element elementor-element-4c5fbd2 elementor-widget elementor-widget-text-editor\" data-id=\"4c5fbd2\" data-element_type=\"widget\" data-widget_type=\"text-editor.default\">\n\t\t\t\t\t\t\t\t\t<h1><span style=\"color: #ffffff;\">Nuestra propuesta de trabajo colectivo en Archipi\u00e9lago se nutre de nuestros recorridos personales en distintos espacios<\/span><\/h1>\t\t\t\t\t\t\t\t<\/div>\n\t\t\t\t<\/div>\n\t\t<div class=\"elementor-element elementor-element-a651b5b e-con-full e-flex e-con e-child\" data-id=\"a651b5b\" data-element_type=\"container\">\n\t\t\t\t<div class=\"elementor-element elementor-element-65a0e62 elementor-widget elementor-widget-spacer\" data-id=\"65a0e62\" data-element_type=\"widget\" data-widget_type=\"spacer.default\">\n\t\t\t\t\t\t\t<div class=\"elementor-spacer\">\n\t\t\t<div class=\"elementor-spacer-inner\"><\/div>\n\t\t<\/div>\n\t\t\t\t\t\t<\/div>\n\t\t\t\t<\/div>\n\t\t\t\t\t<\/div>\n\t\t\t\t<\/div>\n\t\t<div class=\"elementor-element elementor-element-c2081ba e-flex e-con-boxed e-con e-parent\" data-id=\"c2081ba\" data-element_type=\"container\">\n\t\t\t\t\t<div class=\"e-con-inner\">\n\t\t\t\t<div class=\"elementor-element elementor-element-935bf2e elementor-widget elementor-widget-spacer\" data-id=\"935bf2e\" data-element_type=\"widget\" data-widget_type=\"spacer.default\">\n\t\t\t\t\t\t\t<div class=\"elementor-spacer\">\n\t\t\t<div class=\"elementor-spacer-inner\"><\/div>\n\t\t<\/div>\n\t\t\t\t\t\t<\/div>\n\t\t\t\t\t<\/div>\n\t\t\t\t<\/div>\n\t\t<div class=\"elementor-element elementor-element-9171585 e-flex e-con-boxed e-con e-parent\" data-id=\"9171585\" data-element_type=\"container\">\n\t\t\t\t\t<div class=\"e-con-inner\">\n\t\t\t\t<div class=\"elementor-element elementor-element-c954caa gallery-spacing-custom e-transform elementor-widget elementor-widget-image-gallery\" data-id=\"c954caa\" data-element_type=\"widget\" data-settings=\"{&quot;_animation&quot;:&quot;none&quot;,&quot;_transform_rotateZ_effect&quot;:{&quot;unit&quot;:&quot;px&quot;,&quot;size&quot;:&quot;&quot;,&quot;sizes&quot;:[]},&quot;_transform_rotateZ_effect_tablet&quot;:{&quot;unit&quot;:&quot;deg&quot;,&quot;size&quot;:&quot;&quot;,&quot;sizes&quot;:[]},&quot;_transform_rotateZ_effect_mobile&quot;:{&quot;unit&quot;:&quot;deg&quot;,&quot;size&quot;:&quot;&quot;,&quot;sizes&quot;:[]}}\" data-widget_type=\"image-gallery.default\">\n\t\t\t\t\t\t\t<div class=\"elementor-image-gallery\">\n\t\t\t<div id='gallery-1' class='gallery galleryid-1173 gallery-columns-3 gallery-size-large'><figure class='gallery-item'>\n\t\t\t<div class='gallery-icon landscape'>\n\t\t\t\t<img fetchpriority=\"high\" decoding=\"async\" width=\"1024\" height=\"1024\" src=\"https:\/\/archipielagoconsultora.com.ar\/wp-content\/uploads\/2025\/12\/galeria5-1024x1024.jpg\" class=\"attachment-large size-large\" alt=\"\" srcset=\"https:\/\/archipielagoconsultora.com.ar\/wp-content\/uploads\/2025\/12\/galeria5-1024x1024.jpg 1024w, https:\/\/archipielagoconsultora.com.ar\/wp-content\/uploads\/2025\/12\/galeria5-300x300.jpg 300w, https:\/\/archipielagoconsultora.com.ar\/wp-content\/uploads\/2025\/12\/galeria5-150x150.jpg 150w, https:\/\/archipielagoconsultora.com.ar\/wp-content\/uploads\/2025\/12\/galeria5-768x768.jpg 768w, https:\/\/archipielagoconsultora.com.ar\/wp-content\/uploads\/2025\/12\/galeria5.jpg 1080w\" sizes=\"(max-width: 1024px) 100vw, 1024px\" \/>\n\t\t\t<\/div><\/figure><figure class='gallery-item'>\n\t\t\t<div class='gallery-icon landscape'>\n\t\t\t\t<img decoding=\"async\" width=\"1024\" height=\"1024\" src=\"https:\/\/archipielagoconsultora.com.ar\/wp-content\/uploads\/2025\/12\/galeria6-1024x1024.jpg\" class=\"attachment-large size-large\" alt=\"\" srcset=\"https:\/\/archipielagoconsultora.com.ar\/wp-content\/uploads\/2025\/12\/galeria6-1024x1024.jpg 1024w, https:\/\/archipielagoconsultora.com.ar\/wp-content\/uploads\/2025\/12\/galeria6-300x300.jpg 300w, https:\/\/archipielagoconsultora.com.ar\/wp-content\/uploads\/2025\/12\/galeria6-150x150.jpg 150w, https:\/\/archipielagoconsultora.com.ar\/wp-content\/uploads\/2025\/12\/galeria6-768x768.jpg 768w, https:\/\/archipielagoconsultora.com.ar\/wp-content\/uploads\/2025\/12\/galeria6.jpg 1080w\" sizes=\"(max-width: 1024px) 100vw, 1024px\" \/>\n\t\t\t<\/div><\/figure><figure class='gallery-item'>\n\t\t\t<div class='gallery-icon landscape'>\n\t\t\t\t<img decoding=\"async\" width=\"1024\" height=\"1024\" src=\"https:\/\/archipielagoconsultora.com.ar\/wp-content\/uploads\/2025\/12\/galeria7-1024x1024.jpg\" class=\"attachment-large size-large\" alt=\"\" srcset=\"https:\/\/archipielagoconsultora.com.ar\/wp-content\/uploads\/2025\/12\/galeria7-1024x1024.jpg 1024w, https:\/\/archipielagoconsultora.com.ar\/wp-content\/uploads\/2025\/12\/galeria7-300x300.jpg 300w, https:\/\/archipielagoconsultora.com.ar\/wp-content\/uploads\/2025\/12\/galeria7-150x150.jpg 150w, https:\/\/archipielagoconsultora.com.ar\/wp-content\/uploads\/2025\/12\/galeria7-768x768.jpg 768w, https:\/\/archipielagoconsultora.com.ar\/wp-content\/uploads\/2025\/12\/galeria7.jpg 1080w\" sizes=\"(max-width: 1024px) 100vw, 1024px\" \/>\n\t\t\t<\/div><\/figure><figure class='gallery-item'>\n\t\t\t<div class='gallery-icon landscape'>\n\t\t\t\t<img loading=\"lazy\" decoding=\"async\" width=\"1024\" height=\"576\" src=\"https:\/\/archipielagoconsultora.com.ar\/wp-content\/uploads\/2025\/12\/galeria2-1024x576.jpg\" class=\"attachment-large size-large\" alt=\"\" srcset=\"https:\/\/archipielagoconsultora.com.ar\/wp-content\/uploads\/2025\/12\/galeria2-1024x576.jpg 1024w, https:\/\/archipielagoconsultora.com.ar\/wp-content\/uploads\/2025\/12\/galeria2-300x169.jpg 300w, https:\/\/archipielagoconsultora.com.ar\/wp-content\/uploads\/2025\/12\/galeria2-768x432.jpg 768w, https:\/\/archipielagoconsultora.com.ar\/wp-content\/uploads\/2025\/12\/galeria2-1536x864.jpg 1536w, https:\/\/archipielagoconsultora.com.ar\/wp-content\/uploads\/2025\/12\/galeria2.jpg 1919w\" sizes=\"(max-width: 1024px) 100vw, 1024px\" \/>\n\t\t\t<\/div><\/figure><figure class='gallery-item'>\n\t\t\t<div class='gallery-icon landscape'>\n\t\t\t\t<img loading=\"lazy\" decoding=\"async\" width=\"1024\" height=\"576\" src=\"https:\/\/archipielagoconsultora.com.ar\/wp-content\/uploads\/2026\/02\/galeria3a-1024x576.jpg\" class=\"attachment-large size-large\" alt=\"\" srcset=\"https:\/\/archipielagoconsultora.com.ar\/wp-content\/uploads\/2026\/02\/galeria3a-1024x576.jpg 1024w, https:\/\/archipielagoconsultora.com.ar\/wp-content\/uploads\/2026\/02\/galeria3a-300x169.jpg 300w, https:\/\/archipielagoconsultora.com.ar\/wp-content\/uploads\/2026\/02\/galeria3a-768x432.jpg 768w, https:\/\/archipielagoconsultora.com.ar\/wp-content\/uploads\/2026\/02\/galeria3a-1536x864.jpg 1536w, https:\/\/archipielagoconsultora.com.ar\/wp-content\/uploads\/2026\/02\/galeria3a.jpg 1919w\" sizes=\"(max-width: 1024px) 100vw, 1024px\" \/>\n\t\t\t<\/div><\/figure><figure class='gallery-item'>\n\t\t\t<div class='gallery-icon landscape'>\n\t\t\t\t<img loading=\"lazy\" decoding=\"async\" width=\"1024\" height=\"576\" src=\"https:\/\/archipielagoconsultora.com.ar\/wp-content\/uploads\/2025\/12\/galeria4-1024x576.jpg\" class=\"attachment-large size-large\" alt=\"\" srcset=\"https:\/\/archipielagoconsultora.com.ar\/wp-content\/uploads\/2025\/12\/galeria4-1024x576.jpg 1024w, https:\/\/archipielagoconsultora.com.ar\/wp-content\/uploads\/2025\/12\/galeria4-300x169.jpg 300w, https:\/\/archipielagoconsultora.com.ar\/wp-content\/uploads\/2025\/12\/galeria4-768x432.jpg 768w, https:\/\/archipielagoconsultora.com.ar\/wp-content\/uploads\/2025\/12\/galeria4-1536x864.jpg 1536w, https:\/\/archipielagoconsultora.com.ar\/wp-content\/uploads\/2025\/12\/galeria4.jpg 1919w\" sizes=\"(max-width: 1024px) 100vw, 1024px\" \/>\n\t\t\t<\/div><\/figure><figure class='gallery-item'>\n\t\t\t<div class='gallery-icon landscape'>\n\t\t\t\t<img loading=\"lazy\" decoding=\"async\" width=\"1024\" height=\"1024\" src=\"https:\/\/archipielagoconsultora.com.ar\/wp-content\/uploads\/2025\/12\/galeria8-1024x1024.jpg\" class=\"attachment-large size-large\" alt=\"\" srcset=\"https:\/\/archipielagoconsultora.com.ar\/wp-content\/uploads\/2025\/12\/galeria8-1024x1024.jpg 1024w, https:\/\/archipielagoconsultora.com.ar\/wp-content\/uploads\/2025\/12\/galeria8-300x300.jpg 300w, https:\/\/archipielagoconsultora.com.ar\/wp-content\/uploads\/2025\/12\/galeria8-150x150.jpg 150w, https:\/\/archipielagoconsultora.com.ar\/wp-content\/uploads\/2025\/12\/galeria8-768x768.jpg 768w, https:\/\/archipielagoconsultora.com.ar\/wp-content\/uploads\/2025\/12\/galeria8.jpg 1080w\" sizes=\"(max-width: 1024px) 100vw, 1024px\" \/>\n\t\t\t<\/div><\/figure><figure class='gallery-item'>\n\t\t\t<div class='gallery-icon landscape'>\n\t\t\t\t<img loading=\"lazy\" decoding=\"async\" width=\"1024\" height=\"1024\" src=\"https:\/\/archipielagoconsultora.com.ar\/wp-content\/uploads\/2025\/12\/galeria9-1024x1024.jpg\" class=\"attachment-large size-large\" alt=\"\" srcset=\"https:\/\/archipielagoconsultora.com.ar\/wp-content\/uploads\/2025\/12\/galeria9-1024x1024.jpg 1024w, https:\/\/archipielagoconsultora.com.ar\/wp-content\/uploads\/2025\/12\/galeria9-300x300.jpg 300w, https:\/\/archipielagoconsultora.com.ar\/wp-content\/uploads\/2025\/12\/galeria9-150x150.jpg 150w, https:\/\/archipielagoconsultora.com.ar\/wp-content\/uploads\/2025\/12\/galeria9-768x768.jpg 768w, https:\/\/archipielagoconsultora.com.ar\/wp-content\/uploads\/2025\/12\/galeria9.jpg 1080w\" sizes=\"(max-width: 1024px) 100vw, 1024px\" \/>\n\t\t\t<\/div><\/figure><figure class='gallery-item'>\n\t\t\t<div class='gallery-icon landscape'>\n\t\t\t\t<img loading=\"lazy\" decoding=\"async\" width=\"1024\" height=\"1024\" src=\"https:\/\/archipielagoconsultora.com.ar\/wp-content\/uploads\/2025\/12\/galeria1-1024x1024.jpg\" class=\"attachment-large size-large\" alt=\"\" srcset=\"https:\/\/archipielagoconsultora.com.ar\/wp-content\/uploads\/2025\/12\/galeria1-1024x1024.jpg 1024w, https:\/\/archipielagoconsultora.com.ar\/wp-content\/uploads\/2025\/12\/galeria1-300x300.jpg 300w, https:\/\/archipielagoconsultora.com.ar\/wp-content\/uploads\/2025\/12\/galeria1-150x150.jpg 150w, https:\/\/archipielagoconsultora.com.ar\/wp-content\/uploads\/2025\/12\/galeria1-768x768.jpg 768w, https:\/\/archipielagoconsultora.com.ar\/wp-content\/uploads\/2025\/12\/galeria1.jpg 1080w\" sizes=\"(max-width: 1024px) 100vw, 1024px\" \/>\n\t\t\t<\/div><\/figure>\n\t\t<\/div>\n\t\t<\/div>\n\t\t\t\t\t\t<\/div>\n\t\t\t\t\t<\/div>\n\t\t\t\t<\/div>\n\t\t<div class=\"elementor-element elementor-element-020ea74 e-flex e-con-boxed e-con e-parent\" data-id=\"020ea74\" data-element_type=\"container\">\n\t\t\t\t\t<div class=\"e-con-inner\">\n\t\t\t\t<div class=\"elementor-element elementor-element-3808ef9 elementor-widget elementor-widget-spacer\" data-id=\"3808ef9\" data-element_type=\"widget\" data-widget_type=\"spacer.default\">\n\t\t\t\t\t\t\t<div class=\"elementor-spacer\">\n\t\t\t<div class=\"elementor-spacer-inner\"><\/div>\n\t\t<\/div>\n\t\t\t\t\t\t<\/div>\n\t\t\t\t\t<\/div>\n\t\t\t\t<\/div>\n\t\t<div class=\"elementor-element elementor-element-d9dc01e e-flex e-con-boxed e-con e-parent\" data-id=\"d9dc01e\" data-element_type=\"container\" data-settings=\"{&quot;background_background&quot;:&quot;classic&quot;}\">\n\t\t\t\t\t<div class=\"e-con-inner\">\n\t\t<div class=\"elementor-element elementor-element-ef89d3b e-con-full e-flex e-con e-child\" data-id=\"ef89d3b\" data-element_type=\"container\">\n\t\t\t\t<div class=\"elementor-element elementor-element-78cf39d elementor-widget elementor-widget-text-editor\" data-id=\"78cf39d\" data-element_type=\"widget\" data-widget_type=\"text-editor.default\">\n\t\t\t\t\t\t\t\t\t<p><span style=\"font-weight: 400;\">Hemos participado de distintos proyectos de intervenci\u00f3n o formaci\u00f3n archiv\u00edstica en instituciones p\u00fablicas como el Archivo Nacional de la Memoria, el Archivo General de la Naci\u00f3n y archivos municipales; en universidades como la UBA, la UNTREF, la UNSAM, la UNA; en organizaciones no gubernamentales y asociaciones civiles como la Comisi\u00f3n Argentina para los Refugiados y Migrantes (CAREF), Abuelas de Plaza de Mayo, Madres de Plaza de Mayo, la Fototeca de la Asociaci\u00f3n de Reporteros Gr\u00e1ficos de la Rep\u00fablica Argentina (ARGRA); en archivos personales como el Archivo Carpani-Halpin, el Archivo Kenneth Kemble y el Archivo Xul Solar, entre otros.<\/span><\/p>\t\t\t\t\t\t\t\t<\/div>\n\t\t\t\t<\/div>\n\t\t<div class=\"elementor-element elementor-element-7d0a3c9 e-con-full e-flex e-con e-child\" data-id=\"7d0a3c9\" data-element_type=\"container\">\n\t\t\t\t<\/div>\n\t\t\t\t\t<\/div>\n\t\t\t\t<\/div>\n\t\t<div class=\"elementor-element elementor-element-b9e50db e-flex e-con-boxed e-con e-parent\" data-id=\"b9e50db\" data-element_type=\"container\">\n\t\t\t\t\t<div class=\"e-con-inner\">\n\t\t\t\t<div class=\"elementor-element elementor-element-46ba8a5 elementor-widget elementor-widget-spacer\" data-id=\"46ba8a5\" data-element_type=\"widget\" data-widget_type=\"spacer.default\">\n\t\t\t\t\t\t\t<div class=\"elementor-spacer\">\n\t\t\t<div class=\"elementor-spacer-inner\"><\/div>\n\t\t<\/div>\n\t\t\t\t\t\t<\/div>\n\t\t\t\t\t<\/div>\n\t\t\t\t<\/div>\n\t\t<div class=\"elementor-element elementor-element-ed855e0 e-flex e-con-boxed e-con e-parent\" data-id=\"ed855e0\" data-element_type=\"container\">\n\t\t\t\t\t<div class=\"e-con-inner\">\n\t\t\t\t<div class=\"elementor-element elementor-element-7a99f78 elementor-widget elementor-widget-heading\" data-id=\"7a99f78\" data-element_type=\"widget\" data-widget_type=\"heading.default\">\n\t\t\t\t\t<h2 class=\"elementor-heading-title elementor-size-default\">Algunas de nuestras experiencias<\/h2>\t\t\t\t<\/div>\n\t\t\t\t\t<\/div>\n\t\t\t\t<\/div>\n\t\t<div class=\"elementor-element elementor-element-b121928 e-flex e-con-boxed e-con e-parent\" data-id=\"b121928\" data-element_type=\"container\">\n\t\t\t\t\t<div class=\"e-con-inner\">\n\t\t<div class=\"elementor-element elementor-element-03bd8c8 e-con-full e-flex e-con e-child\" data-id=\"03bd8c8\" data-element_type=\"container\">\n\t\t\t\t<div class=\"elementor-element elementor-element-358bf3c elementor-widget elementor-widget-image\" data-id=\"358bf3c\" data-element_type=\"widget\" data-widget_type=\"image.default\">\n\t\t\t\t\t\t\t\t\t\t\t\t\t\t\t\t<a href=\"https:\/\/archipielagoconsultora.com.ar\/?page_id=1270\">\n\t\t\t\t\t\t\t<img loading=\"lazy\" decoding=\"async\" width=\"900\" height=\"600\" src=\"https:\/\/archipielagoconsultora.com.ar\/wp-content\/uploads\/2025\/12\/destacado3.jpg\" class=\"attachment-large size-large wp-image-1730\" alt=\"\" srcset=\"https:\/\/archipielagoconsultora.com.ar\/wp-content\/uploads\/2025\/12\/destacado3.jpg 900w, https:\/\/archipielagoconsultora.com.ar\/wp-content\/uploads\/2025\/12\/destacado3-300x200.jpg 300w, https:\/\/archipielagoconsultora.com.ar\/wp-content\/uploads\/2025\/12\/destacado3-768x512.jpg 768w\" sizes=\"(max-width: 900px) 100vw, 900px\" \/>\t\t\t\t\t\t\t\t<\/a>\n\t\t\t\t\t\t\t\t\t\t\t\t\t\t\t<\/div>\n\t\t\t\t<div class=\"elementor-element elementor-element-eae8da5 elementor-widget elementor-widget-image\" data-id=\"eae8da5\" data-element_type=\"widget\" data-widget_type=\"image.default\">\n\t\t\t\t\t\t\t\t\t\t\t\t\t\t\t\t<a href=\"https:\/\/archipielagoconsultora.com.ar\/?page_id=1270\">\n\t\t\t\t\t\t\t<img loading=\"lazy\" decoding=\"async\" width=\"150\" height=\"150\" src=\"https:\/\/archipielagoconsultora.com.ar\/wp-content\/uploads\/2025\/11\/07.png\" class=\"attachment-large size-large wp-image-1333\" alt=\"\" \/>\t\t\t\t\t\t\t\t<\/a>\n\t\t\t\t\t\t\t\t\t\t\t\t\t\t\t<\/div>\n\t\t\t\t<\/div>\n\t\t<div class=\"elementor-element elementor-element-31d4050 e-con-full e-flex e-con e-child\" data-id=\"31d4050\" data-element_type=\"container\">\n\t\t\t\t<div class=\"elementor-element elementor-element-8889f1a elementor-widget elementor-widget-image\" data-id=\"8889f1a\" data-element_type=\"widget\" data-widget_type=\"image.default\">\n\t\t\t\t\t\t\t\t\t\t\t\t\t\t\t\t<a href=\"https:\/\/archipielagoconsultora.com.ar\/?page_id=1263\">\n\t\t\t\t\t\t\t<img loading=\"lazy\" decoding=\"async\" width=\"900\" height=\"600\" src=\"https:\/\/archipielagoconsultora.com.ar\/wp-content\/uploads\/2025\/12\/destacado1.jpg\" class=\"attachment-large size-large wp-image-1728\" alt=\"\" srcset=\"https:\/\/archipielagoconsultora.com.ar\/wp-content\/uploads\/2025\/12\/destacado1.jpg 900w, https:\/\/archipielagoconsultora.com.ar\/wp-content\/uploads\/2025\/12\/destacado1-300x200.jpg 300w, https:\/\/archipielagoconsultora.com.ar\/wp-content\/uploads\/2025\/12\/destacado1-768x512.jpg 768w\" sizes=\"(max-width: 900px) 100vw, 900px\" \/>\t\t\t\t\t\t\t\t<\/a>\n\t\t\t\t\t\t\t\t\t\t\t\t\t\t\t<\/div>\n\t\t\t\t<div class=\"elementor-element elementor-element-a53c6de elementor-widget elementor-widget-image\" data-id=\"a53c6de\" data-element_type=\"widget\" data-widget_type=\"image.default\">\n\t\t\t\t\t\t\t\t\t\t\t\t\t\t\t\t<a href=\"https:\/\/archipielagoconsultora.com.ar\/?page_id=1263\">\n\t\t\t\t\t\t\t<img loading=\"lazy\" decoding=\"async\" width=\"150\" height=\"150\" src=\"https:\/\/archipielagoconsultora.com.ar\/wp-content\/uploads\/2025\/11\/08.png\" class=\"attachment-large size-large wp-image-1334\" alt=\"\" \/>\t\t\t\t\t\t\t\t<\/a>\n\t\t\t\t\t\t\t\t\t\t\t\t\t\t\t<\/div>\n\t\t\t\t<\/div>\n\t\t<div class=\"elementor-element elementor-element-74815a8 e-con-full e-flex e-con e-child\" data-id=\"74815a8\" data-element_type=\"container\">\n\t\t\t\t<div class=\"elementor-element elementor-element-27848d1 elementor-widget elementor-widget-image\" data-id=\"27848d1\" data-element_type=\"widget\" data-widget_type=\"image.default\">\n\t\t\t\t\t\t\t\t\t\t\t\t\t\t\t\t<a href=\"https:\/\/archipielagoconsultora.com.ar\/?page_id=1275\">\n\t\t\t\t\t\t\t<img loading=\"lazy\" decoding=\"async\" width=\"900\" height=\"600\" src=\"https:\/\/archipielagoconsultora.com.ar\/wp-content\/uploads\/2025\/12\/destacado2.jpg\" class=\"attachment-large size-large wp-image-1729\" alt=\"\" srcset=\"https:\/\/archipielagoconsultora.com.ar\/wp-content\/uploads\/2025\/12\/destacado2.jpg 900w, https:\/\/archipielagoconsultora.com.ar\/wp-content\/uploads\/2025\/12\/destacado2-300x200.jpg 300w, https:\/\/archipielagoconsultora.com.ar\/wp-content\/uploads\/2025\/12\/destacado2-768x512.jpg 768w\" sizes=\"(max-width: 900px) 100vw, 900px\" \/>\t\t\t\t\t\t\t\t<\/a>\n\t\t\t\t\t\t\t\t\t\t\t\t\t\t\t<\/div>\n\t\t\t\t<div class=\"elementor-element elementor-element-bb3f816 elementor-widget elementor-widget-image\" data-id=\"bb3f816\" data-element_type=\"widget\" data-widget_type=\"image.default\">\n\t\t\t\t\t\t\t\t\t\t\t\t\t\t\t\t<a href=\"https:\/\/archipielagoconsultora.com.ar\/?page_id=1275\">\n\t\t\t\t\t\t\t<img loading=\"lazy\" decoding=\"async\" width=\"150\" height=\"150\" src=\"https:\/\/archipielagoconsultora.com.ar\/wp-content\/uploads\/2025\/11\/09.png\" class=\"attachment-large size-large wp-image-1335\" alt=\"\" \/>\t\t\t\t\t\t\t\t<\/a>\n\t\t\t\t\t\t\t\t\t\t\t\t\t\t\t<\/div>\n\t\t\t\t<\/div>\n\t\t\t\t\t<\/div>\n\t\t\t\t<\/div>\n\t\t<div class=\"elementor-element elementor-element-9352fb4 e-flex e-con-boxed e-con e-parent\" data-id=\"9352fb4\" data-element_type=\"container\">\n\t\t\t\t\t<div class=\"e-con-inner\">\n\t\t\t\t<div class=\"elementor-element elementor-element-458f2ae elementor-widget elementor-widget-spacer\" data-id=\"458f2ae\" data-element_type=\"widget\" data-widget_type=\"spacer.default\">\n\t\t\t\t\t\t\t<div class=\"elementor-spacer\">\n\t\t\t<div class=\"elementor-spacer-inner\"><\/div>\n\t\t<\/div>\n\t\t\t\t\t\t<\/div>\n\t\t\t\t\t<\/div>\n\t\t\t\t<\/div>\n\t\t\t\t<\/div>\n\t\t","protected":false},"excerpt":{"rendered":"<p>Nuestra propuesta de trabajo colectivo en Archipi\u00e9lago se nutre de nuestros recorridos personales en distintos espacios Hemos participado de distintos proyectos de intervenci\u00f3n o formaci\u00f3n archiv\u00edstica en instituciones p\u00fablicas como el Archivo Nacional de la Memoria, el Archivo General de la Naci\u00f3n y archivos municipales; en universidades como la UBA, la UNTREF, la UNSAM, la [&hellip;]<\/p>\n","protected":false},"author":1,"featured_media":0,"parent":0,"menu_order":0,"comment_status":"closed","ping_status":"closed","template":"page-templates\/pagebuilder.php","meta":{"zakra_sidebar_layout":"stretched","zakra_remove_content_margin":true,"zakra_sidebar":"customizer","zakra_transparent_header":"customizer","zakra_logo":0,"zakra_main_header_style":"default","zakra_menu_item_color":"","zakra_menu_item_hover_color":"#000000","zakra_menu_item_active_color":"#23ab70","zakra_menu_active_style":"","zakra_page_header":true,"footnotes":""},"class_list":["post-1173","page","type-page","status-publish","hentry"],"_links":{"self":[{"href":"https:\/\/archipielagoconsultora.com.ar\/index.php?rest_route=\/wp\/v2\/pages\/1173","targetHints":{"allow":["GET"]}}],"collection":[{"href":"https:\/\/archipielagoconsultora.com.ar\/index.php?rest_route=\/wp\/v2\/pages"}],"about":[{"href":"https:\/\/archipielagoconsultora.com.ar\/index.php?rest_route=\/wp\/v2\/types\/page"}],"author":[{"embeddable":true,"href":"https:\/\/archipielagoconsultora.com.ar\/index.php?rest_route=\/wp\/v2\/users\/1"}],"replies":[{"embeddable":true,"href":"https:\/\/archipielagoconsultora.com.ar\/index.php?rest_route=%2Fwp%2Fv2%2Fcomments&post=1173"}],"version-history":[{"count":148,"href":"https:\/\/archipielagoconsultora.com.ar\/index.php?rest_route=\/wp\/v2\/pages\/1173\/revisions"}],"predecessor-version":[{"id":2119,"href":"https:\/\/archipielagoconsultora.com.ar\/index.php?rest_route=\/wp\/v2\/pages\/1173\/revisions\/2119"}],"wp:attachment":[{"href":"https:\/\/archipielagoconsultora.com.ar\/index.php?rest_route=%2Fwp%2Fv2%2Fmedia&parent=1173"}],"curies":[{"name":"wp","href":"https:\/\/api.w.org\/{rel}","templated":true}]}}